{"id":970,"date":"2025-08-06T08:56:20","date_gmt":"2025-08-06T06:56:20","guid":{"rendered":"https:\/\/kiddream.cz\/new_web02\/?post_type=product&#038;p=970"},"modified":"2026-04-19T10:09:03","modified_gmt":"2026-04-19T08:09:03","slug":"vlozka-k1","status":"publish","type":"product","link":"https:\/\/kiddream.cz\/en\/obchod\/vlozka-k1\/","title":{"rendered":"(Kop\u00edrovat) (Kop\u00edrovat) (Kop\u00edrovat) (Kop\u00edrovat) (Kop\u00edrovat) (Kop\u00edrovat) (Kop\u00edrovat) (Kop\u00edrovat) (Kop\u00edrovat) (Kop\u00edrovat) (Kop\u00edrovat) (Kop\u00edrovat) (Kop\u00edrovat)"},"content":{"rendered":"<p class=\"qtranxs-available-languages-message qtranxs-available-languages-message-en\">Sorry, this entry is only available in <a href=\"https:\/\/kiddream.cz\/cs\/wp-json\/wp\/v2\/product\/970\" class=\"qtranxs-available-language-link qtranxs-available-language-link-cs\" title=\"\u010ce\u0161tina\">\u010ce\u0161tina<\/a>.<\/p>","protected":false},"excerpt":{"rendered":"<p class=\"qtranxs-available-languages-message qtranxs-available-languages-message-en\">Sorry, this entry is only available in <a href=\"https:\/\/kiddream.cz\/cs\/wp-json\/wp\/v2\/product\/970\" class=\"qtranxs-available-language-link qtranxs-available-language-link-cs\" title=\"\u010ce\u0161tina\">\u010ce\u0161tina<\/a>.<\/p>\n","protected":false},"featured_media":0,"template":"","meta":{"inline_featured_image":false},"product_brand":[],"product_cat":[34],"product_tag":[],"class_list":{"0":"post-970","1":"product","2":"type-product","3":"status-publish","5":"product_cat-vpzd","7":"first","8":"instock","9":"shipping-taxable","10":"purchasable","11":"product-type-variable"},"_links":{"self":[{"href":"https:\/\/kiddream.cz\/en\/wp-json\/wp\/v2\/product\/970","targetHints":{"allow":["GET"]}}],"collection":[{"href":"https:\/\/kiddream.cz\/en\/wp-json\/wp\/v2\/product"}],"about":[{"href":"https:\/\/kiddream.cz\/en\/wp-json\/wp\/v2\/types\/product"}],"wp:attachment":[{"href":"https:\/\/kiddream.cz\/en\/wp-json\/wp\/v2\/media?parent=970"}],"wp:term":[{"taxonomy":"product_brand","embeddable":true,"href":"https:\/\/kiddream.cz\/en\/wp-json\/wp\/v2\/product_brand?post=970"},{"taxonomy":"product_cat","embeddable":true,"href":"https:\/\/kiddream.cz\/en\/wp-json\/wp\/v2\/product_cat?post=970"},{"taxonomy":"product_tag","embeddable":true,"href":"https:\/\/kiddream.cz\/en\/wp-json\/wp\/v2\/product_tag?post=970"}],"curies":[{"name":"wp","href":"https:\/\/api.w.org\/{rel}","templated":true}]}}