{"id":1066,"date":"2025-08-06T13:21:00","date_gmt":"2025-08-06T11:21:00","guid":{"rendered":"https:\/\/kiddream.cz\/new_web02\/?post_type=product&#038;p=1066"},"modified":"2026-03-23T00:54:50","modified_gmt":"2026-03-22T23:54:50","slug":"pyzamove-kalhoty-s-nepropustnou-vlozkou-barevna-srdicka","status":"publish","type":"product","link":"https:\/\/kiddream.cz\/en\/obchod\/pyzamove-kalhoty-s-nepropustnou-vlozkou-barevna-srdicka\/","title":{"rendered":"(Kop\u00edrovat) (Kop\u00edrovat) (Kop\u00edrovat) (Kop\u00edrovat) (Kop\u00edrovat) (Kop\u00edrovat) (Kop\u00edrovat) (Kop\u00edrovat) (Kop\u00edrovat) (Kop\u00edrovat) (Kop\u00edrovat) (Kop\u00edrovat) (Kop\u00edrovat) (Kop\u00edrovat) (Kop\u00edrovat) (Kop\u00edrovat) (Kop\u00edrovat) (Kop\u00edrovat) (Kop\u00edrovat) (Kop\u00edrovat) (Kop\u00edrovat) (Kop\u00edrovat) (Kop\u00edrovat) (Kop\u00edrovat) (Kop\u00edrovat) (Kop\u00edrovat) (Kop\u00edrovat) (Kop\u00edrovat)"},"content":{"rendered":"<p class=\"qtranxs-available-languages-message qtranxs-available-languages-message-en\">Sorry, this entry is only available in <a href=\"https:\/\/kiddream.cz\/cs\/wp-json\/wp\/v2\/product\/1066\" class=\"qtranxs-available-language-link qtranxs-available-language-link-cs\" title=\"\u010ce\u0161tina\">\u010ce\u0161tina<\/a>.<\/p>","protected":false},"excerpt":{"rendered":"<p class=\"qtranxs-available-languages-message qtranxs-available-languages-message-en\">Sorry, this entry is only available in <a href=\"https:\/\/kiddream.cz\/cs\/wp-json\/wp\/v2\/product\/1066\" class=\"qtranxs-available-language-link qtranxs-available-language-link-cs\" title=\"\u010ce\u0161tina\">\u010ce\u0161tina<\/a>.<\/p>\n","protected":false},"featured_media":1793,"template":"","meta":{"inline_featured_image":false},"product_brand":[],"product_cat":[38],"product_tag":[],"class_list":{"0":"post-1066","1":"product","2":"type-product","3":"status-publish","4":"has-post-thumbnail","6":"product_cat-pk","8":"first","9":"instock","10":"shipping-taxable","11":"purchasable","12":"product-type-variable"},"_links":{"self":[{"href":"https:\/\/kiddream.cz\/en\/wp-json\/wp\/v2\/product\/1066","targetHints":{"allow":["GET"]}}],"collection":[{"href":"https:\/\/kiddream.cz\/en\/wp-json\/wp\/v2\/product"}],"about":[{"href":"https:\/\/kiddream.cz\/en\/wp-json\/wp\/v2\/types\/product"}],"wp:featuredmedia":[{"embeddable":true,"href":"https:\/\/kiddream.cz\/en\/wp-json\/wp\/v2\/media\/1793"}],"wp:attachment":[{"href":"https:\/\/kiddream.cz\/en\/wp-json\/wp\/v2\/media?parent=1066"}],"wp:term":[{"taxonomy":"product_brand","embeddable":true,"href":"https:\/\/kiddream.cz\/en\/wp-json\/wp\/v2\/product_brand?post=1066"},{"taxonomy":"product_cat","embeddable":true,"href":"https:\/\/kiddream.cz\/en\/wp-json\/wp\/v2\/product_cat?post=1066"},{"taxonomy":"product_tag","embeddable":true,"href":"https:\/\/kiddream.cz\/en\/wp-json\/wp\/v2\/product_tag?post=1066"}],"curies":[{"name":"wp","href":"https:\/\/api.w.org\/{rel}","templated":true}]}}