{"id":921,"date":"2025-08-02T11:39:21","date_gmt":"2025-08-02T09:39:21","guid":{"rendered":"https:\/\/kiddream.cz\/new_web02\/?page_id=921"},"modified":"2025-11-25T19:42:57","modified_gmt":"2025-11-25T18:42:57","slug":"velikostni-tabulka","status":"publish","type":"page","link":"https:\/\/kiddream.cz\/en\/velikostni-tabulka\/","title":{"rendered":"(\u010ce\u0161tina) Velikostn\u00ed tabulka"},"content":{"rendered":"<div class=\"wp-block-group alignfull has-global-padding is-layout-constrained wp-container-core-group-is-layout-0e5037e1 wp-block-group-is-layout-constrained has-background\" style=\"margin-top:0;margin-bottom:0;padding-top:0;padding-right:var(--wp--preset--spacing--50);padding-bottom:var(--wp--preset--spacing--20);padding-left:var(--wp--preset--spacing--50);background-image:url(&apos;https:\/\/kiddream.cz\/new_web02\/wp-content\/uploads\/2025\/10\/vecteezy_ai-generated-a-small-boy-sleeping-on-a-white-pillow_36747351-scaled.jpg&apos;);background-position:42% 55.00000000000001%;background-size:cover;\">\n<div class=\"wp-block-columns alignwide is-layout-flex wp-container-core-columns-is-layout-1da03c2a wp-block-columns-is-layout-flex\">\n<div class=\"wp-block-column is-vertically-aligned-stretch is-layout-flow wp-block-column-is-layout-flow\" style=\"flex-basis:33.34%\">\n<figure class=\"wp-block-image size-thumbnail is-resized\" style=\"margin-top:var(--wp--preset--spacing--20);margin-right:var(--wp--preset--spacing--10);margin-bottom:var(--wp--preset--spacing--20);margin-left:var(--wp--preset--spacing--10)\"><a href=\"https:\/\/kiddream.cz\/new_web02\/wp-content\/uploads\/2025\/07\/sipka_dolu2.svg\"><img loading=\"lazy\" decoding=\"async\" width=\"76\" height=\"25\" src=\"https:\/\/kiddream.cz\/new_web02\/wp-content\/uploads\/2025\/07\/sipka_dolu2.svg\" alt=\"\" class=\"wp-image-554\" style=\"width:40px\"\/><\/a><\/figure>\n\n\n\n<h5 class=\"wp-block-heading has-text-align-left has-text-color has-link-color wp-elements-ff9bf27fa81338af946b9c0771477735\" style=\"color:#a9d1ff;padding-top:0;padding-bottom:0\"><strong>Informace<\/strong><\/h5>\n\n\n\n<ul style=\"padding-top:0;padding-bottom:0\" class=\"wp-block-list has-base-2-color has-text-color has-link-color wp-elements-b091f80862e3557a7aa21425159ef2d6\">\n<li class=\"has-small-font-size\"><a href=\"https:\/\/kiddream.cz\/new_web02\/o-nas\/\" data-type=\"page\" data-id=\"776\">O n\u00e1s<\/a><\/li>\n\n\n\n<li class=\"has-small-font-size\"><a href=\"https:\/\/kiddream.cz\/new_web02\/kontakt\/\" data-type=\"page\" data-id=\"804\">Kontakt<\/a><\/li>\n<\/ul>\n\n\n\n<h5 class=\"wp-block-heading has-text-color has-link-color wp-elements-9d3afa447930e97b36978939cab884cd\" style=\"color:#a9d1ff\"><strong>Ke sta\u017een\u00ed<\/strong><\/h5>\n\n\n\n<ul style=\"padding-top:0;padding-bottom:0\" class=\"wp-block-list has-base-2-color has-text-color has-link-color wp-elements-4d5c037a46a2db6cd8815348c6dc32a2\">\n<li class=\"has-small-font-size\"><a href=\"https:\/\/kiddream.cz\/new_web02\/wp-content\/uploads\/2025\/08\/formular_vadne_plneni.pdf\" target=\"_blank\" rel=\"noreferrer noopener\">Formul\u00e1\u0159 &#8211; reklamace<\/a><\/li>\n\n\n\n<li class=\"has-small-font-size\"><a href=\"https:\/\/kiddream.cz\/new_web02\/wp-content\/uploads\/2025\/08\/formular_odstoupeni_od_smlouvy.pdf\" target=\"_blank\" rel=\"noreferrer noopener\">Formul\u00e1\u0159 &#8211; odstoupen\u00ed<\/a><\/li>\n<\/ul>\n<\/div>\n\n\n\n<div class=\"wp-block-column is-vertically-aligned-stretch is-layout-flow wp-block-column-is-layout-flow\" style=\"flex-basis:33.34%\">\n<figure class=\"wp-block-image size-full is-resized\" style=\"margin-top:var(--wp--preset--spacing--20);margin-right:var(--wp--preset--spacing--10);margin-bottom:var(--wp--preset--spacing--20);margin-left:var(--wp--preset--spacing--10)\"><a href=\"https:\/\/kiddream.cz\/new_web02\/wp-content\/uploads\/2025\/07\/sipka_dolu2.svg\"><img decoding=\"async\" src=\"https:\/\/kiddream.cz\/new_web02\/wp-content\/uploads\/2025\/07\/sipka_dolu2.svg\" alt=\"\" class=\"wp-image-551\" style=\"width:40px\"\/><\/a><\/figure>\n\n\n\n<h5 class=\"wp-block-heading has-text-align-left has-text-color has-link-color wp-elements-6a6a6385c8794424e4757838cd9aad5b\" style=\"color:#a9d1ff\"><strong>Obchodn\u00ed informace<\/strong><\/h5>\n\n\n\n<ul style=\"padding-top:0;padding-bottom:0\" class=\"wp-block-list has-base-2-color has-text-color has-link-color wp-elements-0eb558abd8bfdecd625ae5e1a82b9d88\">\n<li class=\"has-small-font-size\"><a href=\"https:\/\/kiddream.cz\/new_web02\/vseobecne-obchodni-podminky\/\" data-type=\"page\" data-id=\"506\">V\u0161eobecn\u00e9 obchodn\u00ed podm\u00ednky<\/a><\/li>\n\n\n\n<li class=\"has-small-font-size\"><a href=\"https:\/\/kiddream.cz\/new_web02\/storno-objednavky\/\" data-type=\"page\" data-id=\"674\">Storno objedn\u00e1vky<\/a><\/li>\n\n\n\n<li class=\"has-small-font-size\"><a href=\"https:\/\/kiddream.cz\/new_web02\/reklamacni-rad\/\" data-type=\"page\" data-id=\"900\">Reklama\u010dn\u00ed podm\u00ednky<\/a><\/li>\n\n\n\n<li class=\"has-small-font-size\"><a href=\"https:\/\/kiddream.cz\/new_web02\/ochrana-osobnich-udaju-2\/\" data-type=\"page\" data-id=\"902\">Ochrana osobn\u00edch \u00fadaj\u016f<\/a><\/li>\n\n\n\n<li class=\"has-small-font-size\"><a href=\"https:\/\/kiddream.cz\/new_web02\/podminky-ochrany-osobnich-udaju-gdpr\/\" data-type=\"page\" data-id=\"905\">Ochrana osobn\u00edch \u00fadaj\u016f \u2013 GDPR<\/a><\/li>\n\n\n\n<li class=\"has-small-font-size\"><a href=\"https:\/\/kiddream.cz\/new_web02\/doprava-a-platba-na-uzemi-ceske-republiky\/\" data-type=\"page\" data-id=\"917\">Doru\u010den\u00ed a platby<\/a><\/li>\n\n\n\n<li class=\"has-small-font-size\"><a href=\"https:\/\/kiddream.cz\/new_web02\/velikostni-tabulka\/\" data-type=\"page\" data-id=\"921\">Velikostn\u00ed tabulka<\/a><\/li>\n<\/ul>\n<\/div>\n\n\n\n<div class=\"wp-block-column is-layout-flow wp-block-column-is-layout-flow\" style=\"flex-basis:33.33%\">\n<figure class=\"wp-block-image size-full is-resized\" style=\"margin-top:var(--wp--preset--spacing--20);margin-right:var(--wp--preset--spacing--10);margin-bottom:var(--wp--preset--spacing--20);margin-left:var(--wp--preset--spacing--10)\"><a href=\"https:\/\/kiddream.cz\/new_web02\/wp-content\/uploads\/2025\/07\/sipka_dolu2.svg\"><img decoding=\"async\" src=\"https:\/\/kiddream.cz\/new_web02\/wp-content\/uploads\/2025\/07\/sipka_dolu2.svg\" alt=\"\" class=\"wp-image-551\" style=\"width:40px\"\/><\/a><\/figure>\n\n\n\n<h5 class=\"wp-block-heading has-text-align-left has-text-color has-link-color wp-elements-4e423fa7aecfe4357ca54d7a9d28d138\" style=\"color:#a9d1ff\"><strong>M\u016f\u017ee v\u00e1s zaj\u00edmat<\/strong><\/h5>\n\n\n\n<ul style=\"padding-top:0;padding-bottom:0\" class=\"wp-block-list has-base-2-color has-text-color has-link-color wp-elements-749bf588c588c9664acae970e4782b90\">\n<li class=\"has-small-font-size\"><a href=\"https:\/\/kiddream.cz\/new_web02\/nejcastejsi-dotazy-2\/\" data-type=\"page\" data-id=\"1265\">Nej\u010dast\u011bj\u0161\u00ed dotazy<\/a><\/li>\n\n\n\n<li class=\"has-small-font-size\"><a href=\"https:\/\/kiddream.cz\/new_web02\/osvedceni-uzitny-vzor\/\" data-type=\"page\" data-id=\"1271\">Osv\u011bd\u010den\u00ed &#8211; U\u017eitn\u00fd vzor<\/a><\/li>\n\n\n\n<li class=\"has-small-font-size\"><a href=\"https:\/\/kiddream.cz\/new_web02\/o-problemu-s-inkontinenci\/\" data-type=\"page\" data-id=\"1278\">O probl\u00e9mu s inkontinenc\u00ed<\/a><\/li>\n\n\n\n<li class=\"has-small-font-size\"><a href=\"https:\/\/kiddream.cz\/new_web02\/video-kiddream-na-veletrhu\/\" data-type=\"page\" data-id=\"1282\">Video KidDream &#8211; veletrh<\/a><\/li>\n\n\n\n<li class=\"has-small-font-size\"><a href=\"https:\/\/www.facebook.com\/kiddream.cz\/\">KidDream na Facebooku<\/a><\/li>\n<\/ul>\n<\/div>\n<\/div>\n<\/div>\n\n\n\n<div class=\"wp-block-group alignfull has-base-2-color has-text-color has-background has-link-color wp-elements-87336bd9d566eeaf3f8dcac7589e8729 has-global-padding is-layout-constrained wp-container-core-group-is-layout-ca902058 wp-block-group-is-layout-constrained\" style=\"background-color:#376ca1;margin-top:0;margin-bottom:0;padding-top:var(--wp--preset--spacing--10);padding-right:var(--wp--preset--spacing--20);padding-bottom:var(--wp--preset--spacing--10);padding-left:var(--wp--preset--spacing--20)\">\n<h2 class=\"wp-block-heading alignwide has-text-align-center has-base-2-color has-text-color has-link-color wp-elements-b929c74e7ee481c1c177fa302e9dcd0a\">Velikostn\u00ed tabulka<\/h2>\n<\/div>\n\n\n\n<div class=\"wp-block-group alignwide is-layout-flow wp-block-group-is-layout-flow\" style=\"padding-top:var(--wp--preset--spacing--20);padding-bottom:var(--wp--preset--spacing--20)\">\n<p>P\u0159ipravili jsme pro v\u00e1s p\u0159ehlednou velikostn\u00ed tabulku, kter\u00e1 v\u00e1m pom\u016f\u017ee s v\u00fdb\u011brem spr\u00e1vn\u00e9 velikosti oble\u010den\u00ed pro va\u0161e d\u011bti. Ka\u017ed\u00fd kousek je navr\u017een tak, aby d\u011btem perfektn\u011b sed\u011bl a z\u00e1rove\u0148 poskytoval dostatek pohodl\u00ed.<\/p>\n\n\n\n<p>Tabulka uv\u00e1d\u00ed orienta\u010dn\u00ed rozm\u011bry pasu a bok\u016f podle v\u011bkov\u00fdch kategori\u00ed. P\u00e1sek je nav\u00edc vybaven otvorem pro snadn\u00e9 zkr\u00e1cen\u00ed nebo v\u00fdm\u011bnu gumy (pru\u017eenky), tak\u017ee se d\u00e1 obvod upravit podle pot\u0159eby.<\/p>\n<\/div>\n\n\n\n<div class=\"wp-block-group alignfull has-base-2-background-color has-background has-global-padding is-layout-constrained wp-container-core-group-is-layout-dfb96d97 wp-block-group-is-layout-constrained\" style=\"margin-top:0;margin-bottom:0;padding-top:var(--wp--preset--spacing--10);padding-right:0;padding-bottom:var(--wp--preset--spacing--10);padding-left:0\">\n<div class=\"wp-block-group alignfull has-base-2-background-color has-background is-layout-flow wp-block-group-is-layout-flow\" style=\"margin-top:0;margin-bottom:0;padding-top:var(--wp--preset--spacing--30);padding-right:var(--wp--preset--spacing--50);padding-bottom:var(--wp--preset--spacing--30);padding-left:var(--wp--preset--spacing--50)\">\n<div class=\"wp-block-group is-vertical is-content-justification-center is-layout-flex wp-container-core-group-is-layout-5bb3a76b wp-block-group-is-layout-flex\" style=\"margin-top:0;margin-bottom:0;padding-top:0;padding-right:var(--wp--preset--spacing--60);padding-bottom:0;padding-left:var(--wp--preset--spacing--60)\">\n<h3 class=\"wp-block-heading has-text-align-center is-style-default has-open-sans-font-family\">Velikostn\u00ed tabulka<\/h3>\n\n\n\n<div style=\"height:0px\" aria-hidden=\"true\" class=\"wp-block-spacer wp-container-content-4f2ccadb\"><\/div>\n\n\n\n<figure class=\"wp-block-table has-small-font-size\"><table class=\"has-fixed-layout\"><tbody><tr><td>Velikost<\/td><td>3-4 roky<\/td><td>4-6 let<\/td><td>6-8 let<\/td><td>8-10 let<\/td><td>10-11 let<\/td><td>11-12 let<\/td><td>12-13 let<\/td><td>13-14 let<\/td><\/tr><tr><td>Obvod pasu<\/td><td>42-46 cm<\/td><td>44-52 cm<\/td><td>48-56 cm<\/td><td>54-64 cm<\/td><td>58-68 cm<\/td><td>62-72 cm<\/td><td>70-74 cm<\/td><td>75-82 cm<\/td><\/tr><tr><td>Obvod bok\u016f<\/td><td>50-58 cm<\/td><td>55-62 cm<\/td><td>61-72 cm<\/td><td>70-76 cm<\/td><td>74-80 cm<\/td><td>78-84 cm<\/td><td>82-86 cm<\/td><td>84-92 cm<\/td><\/tr><\/tbody><\/table><\/figure>\n\n\n\n<p class=\"has-text-align-center\">P\u00e1sek je opat\u0159en otvorem pro mo\u017en\u00e9 zkr\u00e1cen\u00ed nebo v\u00fdm\u011bnu gumy (pru\u017eenky).<\/p>\n<\/div>\n<\/div>\n<\/div>\n\n\n\n<div class=\"wp-block-group alignwide is-layout-flow wp-block-group-is-layout-flow\">\n<p>Doporu\u010dujeme p\u0159em\u011b\u0159it d\u00edt\u011b a zvolit velikost podle nejbli\u017e\u0161\u00edho obvodu pasu nebo bok\u016f. Pokud si nejste jist\u00ed, v\u017edy volte <strong>v\u011bt\u0161\u00ed velikost<\/strong> \u2013 oble\u010den\u00ed l\u00e9pe padne a d\u00e9le vydr\u017e\u00ed.<\/p>\n\n\n\n<div style=\"height:62px\" aria-hidden=\"true\" class=\"wp-block-spacer\"><\/div>\n<\/div>\n\n<div class=\"wp-block-group alignfull has-base-2-background-color has-background has-global-padding is-layout-constrained wp-container-core-group-is-layout-cd6163fc wp-block-group-is-layout-constrained\" style=\"margin-top:0;margin-bottom:0;padding-top:var(--wp--preset--spacing--10);padding-right:var(--wp--preset--spacing--50);padding-bottom:var(--wp--preset--spacing--10);padding-left:var(--wp--preset--spacing--50)\">\n<div class=\"wp-block-columns alignwide is-layout-flex wp-container-core-columns-is-layout-1da03c2a wp-block-columns-is-layout-flex\">\n<div class=\"wp-block-column is-vertically-aligned-stretch is-layout-flow wp-block-column-is-layout-flow\" style=\"flex-basis:33.34%\">\n<figure class=\"wp-block-image size-thumbnail is-resized\" style=\"margin-top:var(--wp--preset--spacing--20);margin-right:var(--wp--preset--spacing--10);margin-bottom:var(--wp--preset--spacing--20);margin-left:var(--wp--preset--spacing--10)\"><a href=\"https:\/\/kiddream.cz\/new_web02\/wp-content\/uploads\/2025\/07\/sipka_dolu2.svg\"><img loading=\"lazy\" decoding=\"async\" width=\"76\" height=\"25\" src=\"https:\/\/kiddream.cz\/new_web02\/wp-content\/uploads\/2025\/07\/sipka_dolu2.svg\" alt=\"\" class=\"wp-image-554\" style=\"width:40px\"\/><\/a><\/figure>\n\n\n\n<h5 class=\"wp-block-heading has-text-align-left has-text-color has-link-color wp-elements-da8ddb2c633a26c4c692f591049a6bcb\" style=\"color:#2e70b7\"><strong>Informace<\/strong><\/h5>\n\n\n\n<ul style=\"padding-top:var(--wp--preset--spacing--10);padding-bottom:var(--wp--preset--spacing--10)\" class=\"wp-block-list\">\n<li class=\"has-small-font-size\"><a href=\"https:\/\/kiddream.cz\/sites\/o_nas.php\">O n\u00e1s<\/a><\/li>\n\n\n\n<li class=\"has-small-font-size\"><a href=\"https:\/\/kiddream.cz\/sites\/recaptcha\/kontakt.php\">Kontakt<\/a><\/li>\n<\/ul>\n\n\n\n<h5 class=\"wp-block-heading has-text-color has-link-color wp-elements-60e508d82b2a45ec0f8b2d288a4a31ac\" style=\"color:#2e70b7\"><strong>Ke sta\u017een\u00ed<\/strong><\/h5>\n\n\n\n<ul style=\"padding-top:var(--wp--preset--spacing--10);padding-bottom:var(--wp--preset--spacing--10)\" class=\"wp-block-list\">\n<li class=\"has-small-font-size\"><a href=\"https:\/\/kiddream.cz\/ke_stazeni\/formular_vadne_plneni.pdf\">Formul\u00e1\u0159 &#8211; reklamace<\/a><\/li>\n\n\n\n<li class=\"has-small-font-size\"><a href=\"https:\/\/kiddream.cz\/ke_stazeni\/formular_odstoupeni_od_smlouvy.pdf\">Formul\u00e1\u0159 &#8211; odstoupen\u00ed<\/a><\/li>\n<\/ul>\n<\/div>\n\n\n\n<div class=\"wp-block-column is-vertically-aligned-stretch is-layout-flow wp-block-column-is-layout-flow\" style=\"flex-basis:33.34%\">\n<figure class=\"wp-block-image size-full is-resized\" style=\"margin-top:var(--wp--preset--spacing--20);margin-right:var(--wp--preset--spacing--10);margin-bottom:var(--wp--preset--spacing--20);margin-left:var(--wp--preset--spacing--10)\"><a href=\"https:\/\/kiddream.cz\/new_web02\/wp-content\/uploads\/2025\/07\/sipka_dolu2.svg\"><img decoding=\"async\" src=\"https:\/\/kiddream.cz\/new_web02\/wp-content\/uploads\/2025\/07\/sipka_dolu2.svg\" alt=\"\" class=\"wp-image-551\" style=\"width:40px\"\/><\/a><\/figure>\n\n\n\n<h5 class=\"wp-block-heading has-text-align-left has-text-color has-link-color wp-elements-3598f89fdf6418fb50bc5daaf8681bc2\" style=\"color:#2e70b7\"><strong>Obchodn\u00ed informace<\/strong><\/h5>\n\n\n\n<ul style=\"padding-top:var(--wp--preset--spacing--10);padding-bottom:var(--wp--preset--spacing--10)\" class=\"wp-block-list\">\n<li class=\"has-small-font-size\"><a href=\"https:\/\/kiddream.cz\/new_web02\/vseobecne-obchodni-podminky\/\" data-type=\"page\" data-id=\"506\">V\u0161eobecn\u00e9 obchodn\u00ed podm\u00ednky<\/a><\/li>\n\n\n\n<li class=\"has-small-font-size\"><a href=\"https:\/\/kiddream.cz\/sites\/storno.php\">Storno objedn\u00e1vky<\/a><\/li>\n\n\n\n<li class=\"has-small-font-size\"><a href=\"https:\/\/kiddream.cz\/sites\/reklamace.php\">Reklama\u010dn\u00ed podm\u00ednky<\/a><\/li>\n\n\n\n<li class=\"has-small-font-size\"><a href=\"https:\/\/kiddream.cz\/sites\/cookies.php\">Ochrana osobn\u00edch \u00fadaj\u016f<\/a><\/li>\n\n\n\n<li class=\"has-small-font-size\"><a href=\"https:\/\/kiddream.cz\/sites\/gdpr.php\">Ochrana osobn\u00edch \u00fadaj\u016f \u2013 GDPR<\/a><\/li>\n\n\n\n<li class=\"has-small-font-size\"><a href=\"https:\/\/kiddream.cz\/sites\/doruceni_platby.php\">Doru\u010den\u00ed a platby<\/a><\/li>\n\n\n\n<li class=\"has-small-font-size\"><a href=\"https:\/\/kiddream.cz\/sites\/jak_nakupovat.php\">Jak nakupovat<\/a><\/li>\n\n\n\n<li class=\"has-small-font-size\"><a href=\"https:\/\/kiddream.cz\/sites\/velikost.php\">Velikostn\u00ed tabulka<\/a><\/li>\n<\/ul>\n<\/div>\n\n\n\n<div class=\"wp-block-column is-layout-flow wp-block-column-is-layout-flow\" style=\"flex-basis:33.33%\">\n<figure class=\"wp-block-image size-full is-resized\" style=\"margin-top:var(--wp--preset--spacing--20);margin-right:var(--wp--preset--spacing--10);margin-bottom:var(--wp--preset--spacing--20);margin-left:var(--wp--preset--spacing--10)\"><a href=\"https:\/\/kiddream.cz\/new_web02\/wp-content\/uploads\/2025\/07\/sipka_dolu2.svg\"><img decoding=\"async\" src=\"https:\/\/kiddream.cz\/new_web02\/wp-content\/uploads\/2025\/07\/sipka_dolu2.svg\" alt=\"\" class=\"wp-image-551\" style=\"width:40px\"\/><\/a><\/figure>\n\n\n\n<h5 class=\"wp-block-heading has-text-align-left has-text-color has-link-color wp-elements-b5192eb9eb7c674e934eacdc52984c3c\" style=\"color:#2e70b7\"><strong>M\u016f\u017ee v\u00e1s zaj\u00edmat<\/strong><\/h5>\n\n\n\n<ul style=\"padding-top:var(--wp--preset--spacing--10);padding-bottom:var(--wp--preset--spacing--10)\" class=\"wp-block-list\">\n<li class=\"has-small-font-size\"><a href=\"https:\/\/kiddream.cz\/sites\/dotazy.php\">Nej\u010dast\u011bj\u0161\u00ed dotazy<\/a><\/li>\n\n\n\n<li class=\"has-small-font-size\"><a href=\"https:\/\/kiddream.cz\/sites\/osvedceni.php\">Osv\u011bd\u010den\u00ed &#8211; U\u017eitn\u00fd vzor<\/a><\/li>\n\n\n\n<li class=\"has-small-font-size\"><a href=\"https:\/\/kiddream.cz\/sites\/odkazy.php\">O probl\u00e9mu s inkontinenc\u00ed<\/a><\/li>\n\n\n\n<li class=\"has-small-font-size\"><a href=\"https:\/\/kiddream.cz\/sites\/video.php\">Video KidDream &#8211; veletrh<\/a><\/li>\n\n\n\n<li class=\"has-small-font-size\"><a href=\"https:\/\/www.facebook.com\/kiddream.cz\/\">KidDream na Facebooku<\/a><\/li>\n<\/ul>\n<\/div>\n<\/div>\n<\/div>\n\n\n\n<div class=\"wp-block-group alignfull has-base-2-background-color has-background is-layout-flow wp-block-group-is-layout-flow\" style=\"margin-top:0;margin-bottom:0;padding-top:var(--wp--preset--spacing--30);padding-right:var(--wp--preset--spacing--50);padding-bottom:var(--wp--preset--spacing--30);padding-left:var(--wp--preset--spacing--50)\">\n<div class=\"wp-block-group is-vertical is-content-justification-center is-layout-flex wp-container-core-group-is-layout-5bb3a76b wp-block-group-is-layout-flex\" style=\"margin-top:0;margin-bottom:0;padding-top:0;padding-right:var(--wp--preset--spacing--60);padding-bottom:0;padding-left:var(--wp--preset--spacing--60)\">\n<h3 class=\"wp-block-heading has-text-align-center is-style-default has-open-sans-font-family\">Velikostn\u00ed tabulka<\/h3>\n\n\n\n<div style=\"height:0px\" aria-hidden=\"true\" class=\"wp-block-spacer wp-container-content-4f2ccadb\"><\/div>\n\n\n\n<figure class=\"wp-block-table has-small-font-size\"><table class=\"has-fixed-layout\"><tbody><tr><td>Velikost<\/td><td>3-4 roky<\/td><td>4-6 let<\/td><td>6-8 let<\/td><td>8-10 let<\/td><td>10-11 let<\/td><td>11-12 let<\/td><td>12-13 let<\/td><td>13-14 let<\/td><\/tr><tr><td>Obvod pasu<\/td><td>42-46 cm<\/td><td>44-52 cm<\/td><td>48-56 cm<\/td><td>54-64 cm<\/td><td>58-68 cm<\/td><td>62-72 cm<\/td><td>70-74 cm<\/td><td>75-82 cm<\/td><\/tr><tr><td>Obvod bok\u016f<\/td><td>50-58 cm<\/td><td>55-62 cm<\/td><td>61-72 cm<\/td><td>70-76 cm<\/td><td>74-80 cm<\/td><td>78-84 cm<\/td><td>82-86 cm<\/td><td>84-92 cm<\/td><\/tr><\/tbody><\/table><\/figure>\n\n\n\n<p class=\"has-text-align-center\">P\u00e1sek je opat\u0159en otvorem pro mo\u017en\u00e9 zkr\u00e1cen\u00ed nebo v\u00fdm\u011bnu gumy (pru\u017eenky).<\/p>\n<\/div>\n<\/div>","protected":false},"excerpt":{"rendered":"","protected":false},"author":1,"featured_media":0,"parent":0,"menu_order":0,"comment_status":"closed","ping_status":"closed","template":"","meta":{"inline_featured_image":false,"footnotes":""},"class_list":["post-921","page","type-page","status-publish","hentry"],"_links":{"self":[{"href":"https:\/\/kiddream.cz\/en\/wp-json\/wp\/v2\/pages\/921","targetHints":{"allow":["GET"]}}],"collection":[{"href":"https:\/\/kiddream.cz\/en\/wp-json\/wp\/v2\/pages"}],"about":[{"href":"https:\/\/kiddream.cz\/en\/wp-json\/wp\/v2\/types\/page"}],"author":[{"embeddable":true,"href":"https:\/\/kiddream.cz\/en\/wp-json\/wp\/v2\/users\/1"}],"replies":[{"embeddable":true,"href":"https:\/\/kiddream.cz\/en\/wp-json\/wp\/v2\/comments?post=921"}],"version-history":[{"count":10,"href":"https:\/\/kiddream.cz\/en\/wp-json\/wp\/v2\/pages\/921\/revisions"}],"predecessor-version":[{"id":1946,"href":"https:\/\/kiddream.cz\/en\/wp-json\/wp\/v2\/pages\/921\/revisions\/1946"}],"wp:attachment":[{"href":"https:\/\/kiddream.cz\/en\/wp-json\/wp\/v2\/media?parent=921"}],"curies":[{"name":"wp","href":"https:\/\/api.w.org\/{rel}","templated":true}]}}