{"id":804,"date":"2025-07-27T12:55:26","date_gmt":"2025-07-27T10:55:26","guid":{"rendered":"https:\/\/kiddream.cz\/new_web02\/?page_id=804"},"modified":"2025-11-25T19:46:09","modified_gmt":"2025-11-25T18:46:09","slug":"kontakt","status":"publish","type":"page","link":"https:\/\/kiddream.cz\/en\/kontakt\/","title":{"rendered":"(\u010ce\u0161tina) Kontakt"},"content":{"rendered":"<div class=\"wp-block-group alignfull has-global-padding is-layout-constrained wp-container-core-group-is-layout-0e5037e1 wp-block-group-is-layout-constrained has-background\" style=\"margin-top:0;margin-bottom:0;padding-top:0;padding-right:var(--wp--preset--spacing--50);padding-bottom:var(--wp--preset--spacing--20);padding-left:var(--wp--preset--spacing--50);background-image:url(&apos;https:\/\/kiddream.cz\/new_web02\/wp-content\/uploads\/2025\/06\/medium-shot-girl-sleeping-with-toys-1-scaled.jpg&apos;);background-position:50% 52%;background-size:cover;background-attachment:scroll;\">\n<div class=\"wp-block-columns alignwide is-layout-flex wp-container-core-columns-is-layout-1da03c2a wp-block-columns-is-layout-flex\">\n<div class=\"wp-block-column is-vertically-aligned-stretch is-layout-flow wp-block-column-is-layout-flow\" style=\"flex-basis:33.34%\">\n<figure class=\"wp-block-image size-thumbnail is-resized\" style=\"margin-top:var(--wp--preset--spacing--20);margin-right:var(--wp--preset--spacing--10);margin-bottom:var(--wp--preset--spacing--20);margin-left:var(--wp--preset--spacing--10)\"><a href=\"https:\/\/kiddream.cz\/new_web02\/wp-content\/uploads\/2025\/07\/sipka_dolu2.svg\"><img loading=\"lazy\" decoding=\"async\" width=\"76\" height=\"25\" src=\"https:\/\/kiddream.cz\/new_web02\/wp-content\/uploads\/2025\/07\/sipka_dolu2.svg\" alt=\"\" class=\"wp-image-554\" style=\"width:40px\"\/><\/a><\/figure>\n\n\n\n<h5 class=\"wp-block-heading has-text-align-left has-text-color has-link-color wp-elements-ff9bf27fa81338af946b9c0771477735\" style=\"color:#a9d1ff;padding-top:0;padding-bottom:0\"><strong>Informace<\/strong><\/h5>\n\n\n\n<ul style=\"padding-top:0;padding-bottom:0\" class=\"wp-block-list has-base-2-color has-text-color has-link-color wp-elements-b091f80862e3557a7aa21425159ef2d6\">\n<li class=\"has-small-font-size\"><a href=\"https:\/\/kiddream.cz\/new_web02\/o-nas\/\" data-type=\"page\" data-id=\"776\">O n\u00e1s<\/a><\/li>\n\n\n\n<li class=\"has-small-font-size\"><a href=\"https:\/\/kiddream.cz\/new_web02\/kontakt\/\" data-type=\"page\" data-id=\"804\">Kontakt<\/a><\/li>\n<\/ul>\n\n\n\n<h5 class=\"wp-block-heading has-text-color has-link-color wp-elements-9d3afa447930e97b36978939cab884cd\" style=\"color:#a9d1ff\"><strong>Ke sta\u017een\u00ed<\/strong><\/h5>\n\n\n\n<ul style=\"padding-top:0;padding-bottom:0\" class=\"wp-block-list has-base-2-color has-text-color has-link-color wp-elements-4d5c037a46a2db6cd8815348c6dc32a2\">\n<li class=\"has-small-font-size\"><a href=\"https:\/\/kiddream.cz\/new_web02\/wp-content\/uploads\/2025\/08\/formular_vadne_plneni.pdf\" target=\"_blank\" rel=\"noreferrer noopener\">Formul\u00e1\u0159 &#8211; reklamace<\/a><\/li>\n\n\n\n<li class=\"has-small-font-size\"><a href=\"https:\/\/kiddream.cz\/new_web02\/wp-content\/uploads\/2025\/08\/formular_odstoupeni_od_smlouvy.pdf\" target=\"_blank\" rel=\"noreferrer noopener\">Formul\u00e1\u0159 &#8211; odstoupen\u00ed<\/a><\/li>\n<\/ul>\n<\/div>\n\n\n\n<div class=\"wp-block-column is-vertically-aligned-stretch is-layout-flow wp-block-column-is-layout-flow\" style=\"flex-basis:33.34%\">\n<figure class=\"wp-block-image size-full is-resized\" style=\"margin-top:var(--wp--preset--spacing--20);margin-right:var(--wp--preset--spacing--10);margin-bottom:var(--wp--preset--spacing--20);margin-left:var(--wp--preset--spacing--10)\"><a href=\"https:\/\/kiddream.cz\/new_web02\/wp-content\/uploads\/2025\/07\/sipka_dolu2.svg\"><img decoding=\"async\" src=\"https:\/\/kiddream.cz\/new_web02\/wp-content\/uploads\/2025\/07\/sipka_dolu2.svg\" alt=\"\" class=\"wp-image-551\" style=\"width:40px\"\/><\/a><\/figure>\n\n\n\n<h5 class=\"wp-block-heading has-text-align-left has-text-color has-link-color wp-elements-6a6a6385c8794424e4757838cd9aad5b\" style=\"color:#a9d1ff\"><strong>Obchodn\u00ed informace<\/strong><\/h5>\n\n\n\n<ul style=\"padding-top:0;padding-bottom:0\" class=\"wp-block-list has-base-2-color has-text-color has-link-color wp-elements-0eb558abd8bfdecd625ae5e1a82b9d88\">\n<li class=\"has-small-font-size\"><a href=\"https:\/\/kiddream.cz\/new_web02\/vseobecne-obchodni-podminky\/\" data-type=\"page\" data-id=\"506\">V\u0161eobecn\u00e9 obchodn\u00ed podm\u00ednky<\/a><\/li>\n\n\n\n<li class=\"has-small-font-size\"><a href=\"https:\/\/kiddream.cz\/new_web02\/storno-objednavky\/\" data-type=\"page\" data-id=\"674\">Storno objedn\u00e1vky<\/a><\/li>\n\n\n\n<li class=\"has-small-font-size\"><a href=\"https:\/\/kiddream.cz\/new_web02\/reklamacni-rad\/\" data-type=\"page\" data-id=\"900\">Reklama\u010dn\u00ed podm\u00ednky<\/a><\/li>\n\n\n\n<li class=\"has-small-font-size\"><a href=\"https:\/\/kiddream.cz\/new_web02\/ochrana-osobnich-udaju-2\/\" data-type=\"page\" data-id=\"902\">Ochrana osobn\u00edch \u00fadaj\u016f<\/a><\/li>\n\n\n\n<li class=\"has-small-font-size\"><a href=\"https:\/\/kiddream.cz\/new_web02\/podminky-ochrany-osobnich-udaju-gdpr\/\" data-type=\"page\" data-id=\"905\">Ochrana osobn\u00edch \u00fadaj\u016f \u2013 GDPR<\/a><\/li>\n\n\n\n<li class=\"has-small-font-size\"><a href=\"https:\/\/kiddream.cz\/new_web02\/doprava-a-platba-na-uzemi-ceske-republiky\/\" data-type=\"page\" data-id=\"917\">Doru\u010den\u00ed a platby<\/a><\/li>\n\n\n\n<li class=\"has-small-font-size\"><a href=\"https:\/\/kiddream.cz\/new_web02\/velikostni-tabulka\/\" data-type=\"page\" data-id=\"921\">Velikostn\u00ed tabulka<\/a><\/li>\n<\/ul>\n<\/div>\n\n\n\n<div class=\"wp-block-column is-layout-flow wp-block-column-is-layout-flow\" style=\"flex-basis:33.33%\">\n<figure class=\"wp-block-image size-full is-resized\" style=\"margin-top:var(--wp--preset--spacing--20);margin-right:var(--wp--preset--spacing--10);margin-bottom:var(--wp--preset--spacing--20);margin-left:var(--wp--preset--spacing--10)\"><a href=\"https:\/\/kiddream.cz\/new_web02\/wp-content\/uploads\/2025\/07\/sipka_dolu2.svg\"><img decoding=\"async\" src=\"https:\/\/kiddream.cz\/new_web02\/wp-content\/uploads\/2025\/07\/sipka_dolu2.svg\" alt=\"\" class=\"wp-image-551\" style=\"width:40px\"\/><\/a><\/figure>\n\n\n\n<h5 class=\"wp-block-heading has-text-align-left has-text-color has-link-color wp-elements-4e423fa7aecfe4357ca54d7a9d28d138\" style=\"color:#a9d1ff\"><strong>M\u016f\u017ee v\u00e1s zaj\u00edmat<\/strong><\/h5>\n\n\n\n<ul style=\"padding-top:0;padding-bottom:0\" class=\"wp-block-list has-base-2-color has-text-color has-link-color wp-elements-749bf588c588c9664acae970e4782b90\">\n<li class=\"has-small-font-size\"><a href=\"https:\/\/kiddream.cz\/new_web02\/nejcastejsi-dotazy-2\/\" data-type=\"page\" data-id=\"1265\">Nej\u010dast\u011bj\u0161\u00ed dotazy<\/a><\/li>\n\n\n\n<li class=\"has-small-font-size\"><a href=\"https:\/\/kiddream.cz\/new_web02\/osvedceni-uzitny-vzor\/\" data-type=\"page\" data-id=\"1271\">Osv\u011bd\u010den\u00ed &#8211; U\u017eitn\u00fd vzor<\/a><\/li>\n\n\n\n<li class=\"has-small-font-size\"><a href=\"https:\/\/kiddream.cz\/new_web02\/o-problemu-s-inkontinenci\/\" data-type=\"page\" data-id=\"1278\">O probl\u00e9mu s inkontinenc\u00ed<\/a><\/li>\n\n\n\n<li class=\"has-small-font-size\"><a href=\"https:\/\/kiddream.cz\/new_web02\/video-kiddream-na-veletrhu\/\" data-type=\"page\" data-id=\"1282\">Video KidDream &#8211; veletrh<\/a><\/li>\n\n\n\n<li class=\"has-small-font-size\"><a href=\"https:\/\/www.facebook.com\/kiddream.cz\/\">KidDream na Facebooku<\/a><\/li>\n<\/ul>\n<\/div>\n<\/div>\n<\/div>\n\n\n\n<div class=\"wp-block-group alignfull has-base-2-color has-text-color has-background has-link-color wp-elements-513622877d0bc9bdc32cf69026b5a433 has-global-padding is-layout-constrained wp-container-core-group-is-layout-cd6163fc wp-block-group-is-layout-constrained\" style=\"background-color:#376ca1;margin-top:0;margin-bottom:0;padding-top:var(--wp--preset--spacing--10);padding-right:var(--wp--preset--spacing--50);padding-bottom:var(--wp--preset--spacing--10);padding-left:var(--wp--preset--spacing--50)\">\n<h2 class=\"wp-block-heading has-text-align-center has-base-2-color has-text-color has-link-color wp-elements-d84fe60e7c691465e404c287a06a505a\">Kontakt<\/h2>\n<\/div>\n\n\n\n<div class=\"wp-block-group alignfull has-global-padding is-layout-constrained wp-container-core-group-is-layout-32a46761 wp-block-group-is-layout-constrained\" style=\"margin-top:0;margin-bottom:0;padding-top:var(--wp--preset--spacing--40);padding-right:var(--wp--preset--spacing--50);padding-bottom:var(--wp--preset--spacing--40);padding-left:var(--wp--preset--spacing--50)\">\n<div class=\"wp-block-columns alignwide is-layout-flex wp-container-core-columns-is-layout-47c06fe3 wp-block-columns-is-layout-flex\">\n<div class=\"wp-block-column is-vertically-aligned-top is-layout-flow wp-block-column-is-layout-flow\" style=\"flex-basis:50%\">\n<p>Pokud m\u00e1te z\u00e1jem o bli\u017e\u0161\u00ed informace, tak n\u00e1s m\u016f\u017eete kontaktovat pomoc\u00ed telefonu, e-mailu nebo po\u0161lete zpr\u00e1vu pomoc\u00ed kontaktn\u00edho formul\u00e1\u0159e.<\/p>\n\n\n\n<div class=\"wp-block-group is-nowrap is-layout-flex wp-container-core-group-is-layout-f66f9956 wp-block-group-is-layout-flex\">\n<ul class=\"wp-block-list\">\n<li>V\u00fdrobce:&nbsp;Hana Hejtm\u00e1nkov\u00e1<\/li>\n\n\n\n<li>Adresa:&nbsp;  Biskupice 56,&nbsp;&nbsp;763 41 Biskupice<\/li>\n\n\n\n<li>I\u010c:&nbsp;           061 78 529<\/li>\n\n\n\n<li>Telefon:&nbsp; 731 668 040<\/li>\n\n\n\n<li>E-mail:&nbsp; <a href=\"mailto:info@kiddream.cz\">info@kiddream.cz<\/a><\/li>\n\n\n\n<li>Web:&nbsp;       <a href=\"https:\/\/kiddream.cz\/sites\/recaptcha\/kontakt.php#\">www.kiddream.cz<\/a><\/li>\n<\/ul>\n<\/div>\n<\/div>\n\n\n\n<div class=\"wp-block-column is-vertically-aligned-center is-layout-flow wp-block-column-is-layout-flow\" style=\"flex-basis:50%\">\n<div class=\"wpcf7 no-js\" id=\"wpcf7-f1245-o1\" lang=\"cs-CZ\" dir=\"ltr\" data-wpcf7-id=\"1245\">\n<div class=\"screen-reader-response\"><p role=\"status\" aria-live=\"polite\" aria-atomic=\"true\"><\/p> <ul><\/ul><\/div>\n<form action=\"\/en\/wp-json\/wp\/v2\/pages\/804#wpcf7-f1245-o1\" method=\"post\" class=\"wpcf7-form init cf7skins cf7s-default\" aria-label=\"Kontaktn\u00ed formul\u00e1\u0159\" novalidate=\"novalidate\" data-status=\"init\">\n<fieldset class=\"hidden-fields-container\"><input type=\"hidden\" name=\"_wpcf7\" value=\"1245\" \/><input type=\"hidden\" name=\"_wpcf7_version\" value=\"6.1.5\" \/><input type=\"hidden\" name=\"_wpcf7_locale\" value=\"cs_CZ\" \/><input type=\"hidden\" name=\"_wpcf7_unit_tag\" value=\"wpcf7-f1245-o1\" \/><input type=\"hidden\" name=\"_wpcf7_container_post\" value=\"0\" \/><input type=\"hidden\" name=\"_wpcf7_posted_data_hash\" value=\"\" \/>\n<\/fieldset>\n<label> Va\u0161e jm\u00e9no\n    <span class=\"wpcf7-form-control-wrap\" data-name=\"your-name\"><input size=\"40\" maxlength=\"400\" class=\"wpcf7-form-control wpcf7-text wpcf7-validates-as-required\" autocomplete=\"name\" aria-required=\"true\" aria-invalid=\"false\" value=\"\" type=\"text\" name=\"your-name\" \/><\/span> <\/label>\n\n<label> V\u00e1\u0161 e-mail\n    <span class=\"wpcf7-form-control-wrap\" data-name=\"your-email\"><input size=\"40\" maxlength=\"400\" class=\"wpcf7-form-control wpcf7-email wpcf7-validates-as-required wpcf7-text wpcf7-validates-as-email\" autocomplete=\"email\" aria-required=\"true\" aria-invalid=\"false\" value=\"\" type=\"email\" name=\"your-email\" \/><\/span> <\/label>\n\n<label> P\u0159edm\u011bt\n    <span class=\"wpcf7-form-control-wrap\" data-name=\"your-subject\"><input size=\"40\" maxlength=\"400\" class=\"wpcf7-form-control wpcf7-text wpcf7-validates-as-required\" aria-required=\"true\" aria-invalid=\"false\" value=\"\" type=\"text\" name=\"your-subject\" \/><\/span> <\/label>\n\n<label> Va\u0161e zpr\u00e1va (voliteln\u00fd)\n    <span class=\"wpcf7-form-control-wrap\" data-name=\"your-message\"><textarea cols=\"40\" rows=\"10\" maxlength=\"2000\" class=\"wpcf7-form-control wpcf7-textarea\" aria-invalid=\"false\" name=\"your-message\"><\/textarea><\/span> <\/label>\n\n<div id=\"cf7sr-69f2967edcde1\" class=\"cf7sr-g-recaptcha\" data-theme=\"light\" data-type=\"image\" data-size=\"normal\" data-sitekey=\"6Ldui20hAAAAAFNnIsTd6LUSQi6XUemLlPhGSLsL\"><\/div><span class=\"wpcf7-form-control-wrap cf7sr-recaptcha\" data-name=\"cf7sr-recaptcha\"><input type=\"hidden\" name=\"cf7sr-recaptcha\" value=\"\" class=\"wpcf7-form-control\"><\/span>\n\n<input class=\"wpcf7-form-control wpcf7-submit has-spinner\" type=\"submit\" value=\"Odeslat\" \/><div class=\"wpcf7-response-output\" aria-hidden=\"true\"><\/div>\n<\/form>\n<\/div>\n\n<\/div>\n<\/div>\n<\/div>","protected":false},"excerpt":{"rendered":"<p>Sorry, this entry is only available in \u010ce\u0161tina.<\/p>\n","protected":false},"author":1,"featured_media":0,"parent":0,"menu_order":0,"comment_status":"closed","ping_status":"closed","template":"","meta":{"inline_featured_image":false,"footnotes":""},"class_list":["post-804","page","type-page","status-publish","hentry"],"_links":{"self":[{"href":"https:\/\/kiddream.cz\/en\/wp-json\/wp\/v2\/pages\/804","targetHints":{"allow":["GET"]}}],"collection":[{"href":"https:\/\/kiddream.cz\/en\/wp-json\/wp\/v2\/pages"}],"about":[{"href":"https:\/\/kiddream.cz\/en\/wp-json\/wp\/v2\/types\/page"}],"author":[{"embeddable":true,"href":"https:\/\/kiddream.cz\/en\/wp-json\/wp\/v2\/users\/1"}],"replies":[{"embeddable":true,"href":"https:\/\/kiddream.cz\/en\/wp-json\/wp\/v2\/comments?post=804"}],"version-history":[{"count":9,"href":"https:\/\/kiddream.cz\/en\/wp-json\/wp\/v2\/pages\/804\/revisions"}],"predecessor-version":[{"id":1949,"href":"https:\/\/kiddream.cz\/en\/wp-json\/wp\/v2\/pages\/804\/revisions\/1949"}],"wp:attachment":[{"href":"https:\/\/kiddream.cz\/en\/wp-json\/wp\/v2\/media?parent=804"}],"curies":[{"name":"wp","href":"https:\/\/api.w.org\/{rel}","templated":true}]}}