{"id":674,"date":"2025-07-25T18:41:44","date_gmt":"2025-07-25T16:41:44","guid":{"rendered":"https:\/\/kiddream.cz\/new_web02\/?page_id=674"},"modified":"2025-10-04T10:49:23","modified_gmt":"2025-10-04T08:49:23","slug":"storno-objednavky","status":"publish","type":"page","link":"https:\/\/kiddream.cz\/en\/storno-objednavky\/","title":{"rendered":"(\u010ce\u0161tina) Storno objedn\u00e1vky"},"content":{"rendered":"<div class=\"wp-block-group alignfull has-global-padding is-layout-constrained wp-container-core-group-is-layout-0e5037e1 wp-block-group-is-layout-constrained has-background\" style=\"margin-top:0;margin-bottom:0;padding-top:0;padding-right:var(--wp--preset--spacing--50);padding-bottom:var(--wp--preset--spacing--20);padding-left:var(--wp--preset--spacing--50);background-image:url(&apos;https:\/\/kiddream.cz\/new_web02\/wp-content\/uploads\/2025\/10\/portrait-young-boy-resting-scaled.jpg&apos;);background-position:84% 56.99999999999999%;background-size:cover;\">\n<div class=\"wp-block-columns alignwide is-layout-flex wp-container-core-columns-is-layout-1da03c2a wp-block-columns-is-layout-flex\">\n<div class=\"wp-block-column is-vertically-aligned-stretch is-layout-flow wp-block-column-is-layout-flow\" style=\"flex-basis:33.34%\">\n<figure class=\"wp-block-image size-thumbnail is-resized\" style=\"margin-top:var(--wp--preset--spacing--20);margin-right:var(--wp--preset--spacing--10);margin-bottom:var(--wp--preset--spacing--20);margin-left:var(--wp--preset--spacing--10)\"><a href=\"https:\/\/kiddream.cz\/new_web02\/wp-content\/uploads\/2025\/07\/sipka_dolu2.svg\"><img loading=\"lazy\" decoding=\"async\" width=\"76\" height=\"25\" src=\"https:\/\/kiddream.cz\/new_web02\/wp-content\/uploads\/2025\/07\/sipka_dolu2.svg\" alt=\"\" class=\"wp-image-554\" style=\"width:40px\"\/><\/a><\/figure>\n\n\n\n<h5 class=\"wp-block-heading has-text-align-left has-text-color has-link-color wp-elements-ff9bf27fa81338af946b9c0771477735\" style=\"color:#a9d1ff;padding-top:0;padding-bottom:0\"><strong>Informace<\/strong><\/h5>\n\n\n\n<ul style=\"padding-top:0;padding-bottom:0\" class=\"wp-block-list has-base-2-color has-text-color has-link-color wp-elements-b091f80862e3557a7aa21425159ef2d6\">\n<li class=\"has-small-font-size\"><a href=\"https:\/\/kiddream.cz\/new_web02\/o-nas\/\" data-type=\"page\" data-id=\"776\">O n\u00e1s<\/a><\/li>\n\n\n\n<li class=\"has-small-font-size\"><a href=\"https:\/\/kiddream.cz\/new_web02\/kontakt\/\" data-type=\"page\" data-id=\"804\">Kontakt<\/a><\/li>\n<\/ul>\n\n\n\n<h5 class=\"wp-block-heading has-text-color has-link-color wp-elements-9d3afa447930e97b36978939cab884cd\" style=\"color:#a9d1ff\"><strong>Ke sta\u017een\u00ed<\/strong><\/h5>\n\n\n\n<ul style=\"padding-top:0;padding-bottom:0\" class=\"wp-block-list has-base-2-color has-text-color has-link-color wp-elements-4d5c037a46a2db6cd8815348c6dc32a2\">\n<li class=\"has-small-font-size\"><a href=\"https:\/\/kiddream.cz\/new_web02\/wp-content\/uploads\/2025\/08\/formular_vadne_plneni.pdf\" target=\"_blank\" rel=\"noreferrer noopener\">Formul\u00e1\u0159 &#8211; reklamace<\/a><\/li>\n\n\n\n<li class=\"has-small-font-size\"><a href=\"https:\/\/kiddream.cz\/new_web02\/wp-content\/uploads\/2025\/08\/formular_odstoupeni_od_smlouvy.pdf\" target=\"_blank\" rel=\"noreferrer noopener\">Formul\u00e1\u0159 &#8211; odstoupen\u00ed<\/a><\/li>\n<\/ul>\n<\/div>\n\n\n\n<div class=\"wp-block-column is-vertically-aligned-stretch is-layout-flow wp-block-column-is-layout-flow\" style=\"flex-basis:33.34%\">\n<figure class=\"wp-block-image size-full is-resized\" style=\"margin-top:var(--wp--preset--spacing--20);margin-right:var(--wp--preset--spacing--10);margin-bottom:var(--wp--preset--spacing--20);margin-left:var(--wp--preset--spacing--10)\"><a href=\"https:\/\/kiddream.cz\/new_web02\/wp-content\/uploads\/2025\/07\/sipka_dolu2.svg\"><img decoding=\"async\" src=\"https:\/\/kiddream.cz\/new_web02\/wp-content\/uploads\/2025\/07\/sipka_dolu2.svg\" alt=\"\" class=\"wp-image-551\" style=\"width:40px\"\/><\/a><\/figure>\n\n\n\n<h5 class=\"wp-block-heading has-text-align-left has-text-color has-link-color wp-elements-6a6a6385c8794424e4757838cd9aad5b\" style=\"color:#a9d1ff\"><strong>Obchodn\u00ed informace<\/strong><\/h5>\n\n\n\n<ul style=\"padding-top:0;padding-bottom:0\" class=\"wp-block-list has-base-2-color has-text-color has-link-color wp-elements-0eb558abd8bfdecd625ae5e1a82b9d88\">\n<li class=\"has-small-font-size\"><a href=\"https:\/\/kiddream.cz\/new_web02\/vseobecne-obchodni-podminky\/\" data-type=\"page\" data-id=\"506\">V\u0161eobecn\u00e9 obchodn\u00ed podm\u00ednky<\/a><\/li>\n\n\n\n<li class=\"has-small-font-size\"><a href=\"https:\/\/kiddream.cz\/new_web02\/storno-objednavky\/\" data-type=\"page\" data-id=\"674\">Storno objedn\u00e1vky<\/a><\/li>\n\n\n\n<li class=\"has-small-font-size\"><a href=\"https:\/\/kiddream.cz\/new_web02\/reklamacni-rad\/\" data-type=\"page\" data-id=\"900\">Reklama\u010dn\u00ed podm\u00ednky<\/a><\/li>\n\n\n\n<li class=\"has-small-font-size\"><a href=\"https:\/\/kiddream.cz\/new_web02\/ochrana-osobnich-udaju-2\/\" data-type=\"page\" data-id=\"902\">Ochrana osobn\u00edch \u00fadaj\u016f<\/a><\/li>\n\n\n\n<li class=\"has-small-font-size\"><a href=\"https:\/\/kiddream.cz\/new_web02\/podminky-ochrany-osobnich-udaju-gdpr\/\" data-type=\"page\" data-id=\"905\">Ochrana osobn\u00edch \u00fadaj\u016f \u2013 GDPR<\/a><\/li>\n\n\n\n<li class=\"has-small-font-size\"><a href=\"https:\/\/kiddream.cz\/new_web02\/doprava-a-platba-na-uzemi-ceske-republiky\/\" data-type=\"page\" data-id=\"917\">Doru\u010den\u00ed a platby<\/a><\/li>\n\n\n\n<li class=\"has-small-font-size\"><a href=\"https:\/\/kiddream.cz\/new_web02\/velikostni-tabulka\/\" data-type=\"page\" data-id=\"921\">Velikostn\u00ed tabulka<\/a><\/li>\n<\/ul>\n<\/div>\n\n\n\n<div class=\"wp-block-column is-layout-flow wp-block-column-is-layout-flow\" style=\"flex-basis:33.33%\">\n<figure class=\"wp-block-image size-full is-resized\" style=\"margin-top:var(--wp--preset--spacing--20);margin-right:var(--wp--preset--spacing--10);margin-bottom:var(--wp--preset--spacing--20);margin-left:var(--wp--preset--spacing--10)\"><a href=\"https:\/\/kiddream.cz\/new_web02\/wp-content\/uploads\/2025\/07\/sipka_dolu2.svg\"><img decoding=\"async\" src=\"https:\/\/kiddream.cz\/new_web02\/wp-content\/uploads\/2025\/07\/sipka_dolu2.svg\" alt=\"\" class=\"wp-image-551\" style=\"width:40px\"\/><\/a><\/figure>\n\n\n\n<h5 class=\"wp-block-heading has-text-align-left has-text-color has-link-color wp-elements-4e423fa7aecfe4357ca54d7a9d28d138\" style=\"color:#a9d1ff\"><strong>M\u016f\u017ee v\u00e1s zaj\u00edmat<\/strong><\/h5>\n\n\n\n<ul style=\"padding-top:0;padding-bottom:0\" class=\"wp-block-list has-base-2-color has-text-color has-link-color wp-elements-749bf588c588c9664acae970e4782b90\">\n<li class=\"has-small-font-size\"><a href=\"https:\/\/kiddream.cz\/new_web02\/nejcastejsi-dotazy-2\/\" data-type=\"page\" data-id=\"1265\">Nej\u010dast\u011bj\u0161\u00ed dotazy<\/a><\/li>\n\n\n\n<li class=\"has-small-font-size\"><a href=\"https:\/\/kiddream.cz\/new_web02\/osvedceni-uzitny-vzor\/\" data-type=\"page\" data-id=\"1271\">Osv\u011bd\u010den\u00ed &#8211; U\u017eitn\u00fd vzor<\/a><\/li>\n\n\n\n<li class=\"has-small-font-size\"><a href=\"https:\/\/kiddream.cz\/new_web02\/o-problemu-s-inkontinenci\/\" data-type=\"page\" data-id=\"1278\">O probl\u00e9mu s inkontinenc\u00ed<\/a><\/li>\n\n\n\n<li class=\"has-small-font-size\"><a href=\"https:\/\/kiddream.cz\/new_web02\/video-kiddream-na-veletrhu\/\" data-type=\"page\" data-id=\"1282\">Video KidDream &#8211; veletrh<\/a><\/li>\n\n\n\n<li class=\"has-small-font-size\"><a href=\"https:\/\/www.facebook.com\/kiddream.cz\/\">KidDream na Facebooku<\/a><\/li>\n<\/ul>\n<\/div>\n<\/div>\n<\/div>\n\n\n\n<div class=\"wp-block-group alignfull has-base-2-color has-text-color has-background has-link-color wp-elements-f147c1ca291e6d0ec2be8e0927c6ebc1 has-global-padding is-layout-constrained wp-container-core-group-is-layout-cd6163fc wp-block-group-is-layout-constrained\" style=\"background-color:#376ca1;margin-top:0;margin-bottom:0;padding-top:var(--wp--preset--spacing--10);padding-right:var(--wp--preset--spacing--50);padding-bottom:var(--wp--preset--spacing--10);padding-left:var(--wp--preset--spacing--50)\">\n<h2 class=\"wp-block-heading has-text-align-center has-base-2-color has-text-color has-link-color wp-elements-626098ae080a5580bb15ad2b38696df8\">Storno objedn\u00e1vky<\/h2>\n<\/div>\n\n\n\n<div class=\"wp-block-group alignfull has-base-background-color has-background has-global-padding is-layout-constrained wp-container-core-group-is-layout-d89aad35 wp-block-group-is-layout-constrained\" style=\"margin-top:0;margin-bottom:0;padding-top:var(--wp--preset--spacing--50);padding-right:var(--wp--preset--spacing--50);padding-bottom:var(--wp--preset--spacing--50);padding-left:var(--wp--preset--spacing--50)\">\n<div class=\"wp-block-columns alignwide is-layout-flex wp-container-core-columns-is-layout-549b0c86 wp-block-columns-is-layout-flex\">\n<div class=\"wp-block-column has-global-padding is-content-justification-left is-layout-constrained wp-container-core-column-is-layout-4f15e8fe wp-block-column-is-layout-constrained\" style=\"flex-basis:25%\">\n<figure class=\"wp-block-image size-full\" style=\"margin-right:0;margin-left:0\"><a href=\"https:\/\/kiddream.cz\/new_web02\/wp-content\/uploads\/2025\/09\/Card_cancel.png\"><img loading=\"lazy\" decoding=\"async\" width=\"300\" height=\"300\" src=\"https:\/\/kiddream.cz\/new_web02\/wp-content\/uploads\/2025\/09\/Card_cancel.png\" alt=\"\" class=\"wp-image-1308\" style=\"object-fit:cover\" srcset=\"https:\/\/kiddream.cz\/wp-content\/uploads\/2025\/09\/Card_cancel.png 300w, https:\/\/kiddream.cz\/wp-content\/uploads\/2025\/09\/Card_cancel-150x150.png 150w, https:\/\/kiddream.cz\/wp-content\/uploads\/2025\/09\/Card_cancel-100x100.png 100w\" sizes=\"auto, (max-width: 300px) 100vw, 300px\" \/><\/a><\/figure>\n<\/div>\n\n\n\n<div class=\"wp-block-column is-layout-flow wp-container-core-column-is-layout-82d4dbda wp-block-column-is-layout-flow\" style=\"padding-top:0;padding-bottom:0;flex-basis:75%\">\n<h4 class=\"wp-block-heading\" style=\"line-height:1.5\">Storno objedn\u00e1vky ze strany nakupuj\u00edc\u00edho<\/h4>\n\n\n\n<p style=\"padding-top:0;padding-bottom:var(--wp--preset--spacing--20)\">Objedn\u00e1vku lze stornovat e-mailem (info@kiddream.cz), p\u0159\u00edpadn\u011b telefonicky +420 731 668 040, pokud zbo\u017e\u00ed nebylo expedov\u00e1no. V p\u0159\u00edpad\u011b pozd\u011bj\u0161\u00edho zru\u0161en\u00ed objedn\u00e1vky m\u00e1 provozovatel n\u00e1rok na n\u00e1hradu \u0161kody, p\u0159edev\u0161\u00edm prokazateln\u00fdch n\u00e1klad\u016f spojen\u00fdch s expedic\u00ed zbo\u017e\u00ed.<\/p>\n\n\n\n<h4 class=\"wp-block-heading\">Storno objedn\u00e1vky ze strany prod\u00e1vaj\u00edc\u00edho<\/h4>\n\n\n\n<p>Provozovatel internetov\u00e9ho obchodu m\u00e1 pr\u00e1vo stornovat objedn\u00e1vku nebo jej\u00ed \u010d\u00e1st v p\u0159\u00edpad\u011b, \u017ee se objednan\u00e9 zbo\u017e\u00ed b\u011bhem vy\u0159izov\u00e1n\u00ed objedn\u00e1vky p\u0159estane vyr\u00e1b\u011bt, p\u0159\u00edpadn\u011b se v\u00fdrazn\u00fdm zp\u016fsobem zm\u011bn\u00ed jeho cena. O stornu objedn\u00e1vky bude z\u00e1kazn\u00edk informov\u00e1n. Pokud ji\u017e hodnotu objednan\u00e9ho zbo\u017e\u00ed ve stornovan\u00e9 objedn\u00e1vce uhradil, bude mu p\u0159\u00edslu\u0161n\u00e1 \u010d\u00e1stka vr\u00e1cena v nejbli\u017e\u0161\u00edm mo\u017en\u00e9m term\u00ednu.<\/p>\n<\/div>\n<\/div>\n<\/div>","protected":false},"excerpt":{"rendered":"<p>Sorry, this entry is only available in \u010ce\u0161tina.<\/p>\n","protected":false},"author":1,"featured_media":0,"parent":0,"menu_order":0,"comment_status":"closed","ping_status":"closed","template":"","meta":{"inline_featured_image":false,"footnotes":""},"class_list":["post-674","page","type-page","status-publish","hentry"],"_links":{"self":[{"href":"https:\/\/kiddream.cz\/en\/wp-json\/wp\/v2\/pages\/674","targetHints":{"allow":["GET"]}}],"collection":[{"href":"https:\/\/kiddream.cz\/en\/wp-json\/wp\/v2\/pages"}],"about":[{"href":"https:\/\/kiddream.cz\/en\/wp-json\/wp\/v2\/types\/page"}],"author":[{"embeddable":true,"href":"https:\/\/kiddream.cz\/en\/wp-json\/wp\/v2\/users\/1"}],"replies":[{"embeddable":true,"href":"https:\/\/kiddream.cz\/en\/wp-json\/wp\/v2\/comments?post=674"}],"version-history":[{"count":6,"href":"https:\/\/kiddream.cz\/en\/wp-json\/wp\/v2\/pages\/674\/revisions"}],"predecessor-version":[{"id":1400,"href":"https:\/\/kiddream.cz\/en\/wp-json\/wp\/v2\/pages\/674\/revisions\/1400"}],"wp:attachment":[{"href":"https:\/\/kiddream.cz\/en\/wp-json\/wp\/v2\/media?parent=674"}],"curies":[{"name":"wp","href":"https:\/\/api.w.org\/{rel}","templated":true}]}}